{"id":2029,"date":"2025-02-06T13:48:27","date_gmt":"2025-02-06T13:48:27","guid":{"rendered":"http:\/\/creation-beyond.com\/?post_type=product&#038;p=2029"},"modified":"2025-02-06T13:49:47","modified_gmt":"2025-02-06T13:49:47","slug":"ultimate-online-shop","status":"publish","type":"product","link":"http:\/\/creation-beyond.com\/de\/produkt\/ultimate-online-shop\/","title":{"rendered":"Ultimate Online-Shop"},"content":{"rendered":"<p>Eine funktionsreiche L\u00f6sung f\u00fcr Unternehmen, die erweiterte Anpassungen, Drittanbieter-Integrationen und Skalierbarkeit ben\u00f6tigen.<\/p>\n<p><strong>Beispiele:<\/strong><\/p>\n<ul>\n<li><strong>Globale E-Commerce-Plattform:<\/strong>\u00a0Mehrw\u00e4hrungs- und Mehrsprachunterst\u00fctzung mit sicherem Zahlungsgateway.<\/li>\n<li><strong>Marktplatz-Website:<\/strong>\u00a0Unterst\u00fctzt mehrere Anbieter, Verk\u00e4ufer-Dashboards und Provisionsverfolgung.<\/li>\n<li><strong>B2B E-Commerce-Plattform:<\/strong>\u00a0Mengenrabatte, benutzerdefinierte Rollen und erweiterte Analysen f\u00fcr Gesch\u00e4ftskunden.<\/li>\n<\/ul>\n","protected":false},"excerpt":{"rendered":"<p>Eine funktionsreiche L\u00f6sung f\u00fcr Unternehmen, die erweiterte Anpassungen, Drittanbieter-Integrationen und Skalierbarkeit ben\u00f6tigen.<\/p>\n<p><strong>Beispiele:<\/strong><\/p>\n<ul>\n<li><strong>Globale E-Commerce-Plattform:<\/strong>\u00a0Mehrw\u00e4hrungs- und Mehrsprachunterst\u00fctzung mit sicherem Zahlungsgateway.<\/li>\n<li><strong>Marktplatz-Website:<\/strong>\u00a0Unterst\u00fctzt mehrere Anbieter, Verk\u00e4ufer-Dashboards und Provisionsverfolgung.<\/li>\n<li><strong>B2B E-Commerce-Plattform:<\/strong>\u00a0Mengenrabatte, benutzerdefinierte Rollen und erweiterte Analysen f\u00fcr Gesch\u00e4ftskunden.<\/li>\n<\/ul>\n","protected":false},"featured_media":1505,"template":"","meta":{"inline_featured_image":false,"site-sidebar-layout":"default","site-content-layout":"","ast-site-content-layout":"default","site-content-style":"default","site-sidebar-style":"default","ast-global-header-display":"","ast-banner-title-visibility":"","ast-main-header-display":"","ast-hfb-above-header-display":"","ast-hfb-below-header-display":"","ast-hfb-mobile-header-display":"","site-post-title":"","ast-breadcrumbs-content":"","ast-featured-img":"","footer-sml-layout":"","theme-transparent-header-meta":"default","adv-header-id-meta":"","stick-header-meta":"","header-above-stick-meta":"","header-main-stick-meta":"","header-below-stick-meta":"","astra-migrate-meta-layouts":"set","ast-page-background-enabled":"default","ast-page-background-meta":{"desktop":{"background-color":"var(--ast-global-color-5)","background-image":"","background-repeat":"repeat","background-position":"center center","background-size":"auto","background-attachment":"scroll","background-type":"","background-media":"","overlay-type":"","overlay-color":"","overlay-opacity":"","overlay-gradient":""},"tablet":{"background-color":"","background-image":"","background-repeat":"repeat","background-position":"center center","background-size":"auto","background-attachment":"scroll","background-type":"","background-media":"","overlay-type":"","overlay-color":"","overlay-opacity":"","overlay-gradient":""},"mobile":{"background-color":"","background-image":"","background-repeat":"repeat","background-position":"center center","background-size":"auto","background-attachment":"scroll","background-type":"","background-media":"","overlay-type":"","overlay-color":"","overlay-opacity":"","overlay-gradient":""}},"ast-content-background-meta":{"desktop":{"background-color":"var(--ast-global-color-4)","background-image":"","background-repeat":"repeat","background-position":"center center","background-size":"auto","background-attachment":"scroll","background-type":"","background-media":"","overlay-type":"","overlay-color":"","overlay-opacity":"","overlay-gradient":""},"tablet":{"background-color":"var(--ast-global-color-4)","background-image":"","background-repeat":"repeat","background-position":"center center","background-size":"auto","background-attachment":"scroll","background-type":"","background-media":"","overlay-type":"","overlay-color":"","overlay-opacity":"","overlay-gradient":""},"mobile":{"background-color":"var(--ast-global-color-4)","background-image":"","background-repeat":"repeat","background-position":"center center","background-size":"auto","background-attachment":"scroll","background-type":"","background-media":"","overlay-type":"","overlay-color":"","overlay-opacity":"","overlay-gradient":""}}},"product_brand":[],"product_cat":[26],"product_tag":[],"class_list":{"0":"post-2029","1":"product","2":"type-product","3":"status-publish","4":"has-post-thumbnail","6":"product_cat-website-entwicklung","7":"desktop-align-left","8":"tablet-align-left","9":"mobile-align-left","11":"first","12":"instock","13":"virtual","14":"purchasable","15":"product-type-simple"},"_links":{"self":[{"href":"http:\/\/creation-beyond.com\/de\/wp-json\/wp\/v2\/product\/2029","targetHints":{"allow":["GET"]}}],"collection":[{"href":"http:\/\/creation-beyond.com\/de\/wp-json\/wp\/v2\/product"}],"about":[{"href":"http:\/\/creation-beyond.com\/de\/wp-json\/wp\/v2\/types\/product"}],"wp:featuredmedia":[{"embeddable":true,"href":"http:\/\/creation-beyond.com\/de\/wp-json\/wp\/v2\/media\/1505"}],"wp:attachment":[{"href":"http:\/\/creation-beyond.com\/de\/wp-json\/wp\/v2\/media?parent=2029"}],"wp:term":[{"taxonomy":"product_brand","embeddable":true,"href":"http:\/\/creation-beyond.com\/de\/wp-json\/wp\/v2\/product_brand?post=2029"},{"taxonomy":"product_cat","embeddable":true,"href":"http:\/\/creation-beyond.com\/de\/wp-json\/wp\/v2\/product_cat?post=2029"},{"taxonomy":"product_tag","embeddable":true,"href":"http:\/\/creation-beyond.com\/de\/wp-json\/wp\/v2\/product_tag?post=2029"}],"curies":[{"name":"wp","href":"https:\/\/api.w.org\/{rel}","templated":true}]}}