{"id":2050,"date":"2025-02-06T14:16:32","date_gmt":"2025-02-06T14:16:32","guid":{"rendered":"http:\/\/creation-beyond.com\/?post_type=product&#038;p=2050"},"modified":"2025-02-06T14:17:54","modified_gmt":"2025-02-06T14:17:54","slug":"ultimate-vr-ar-erlebnis","status":"publish","type":"product","link":"http:\/\/creation-beyond.com\/de\/produkt\/ultimate-vr-ar-erlebnis\/","title":{"rendered":"Ultimate VR\/AR-Erlebnis"},"content":{"rendered":"<p>Perfekt f\u00fcr fortschrittliche VR-\/AR-Anwendungen mit komplexer Interaktivit\u00e4t und Echtzeitdaten \u2013 dieses Paket bietet ma\u00dfgeschneiderte High-End-L\u00f6sungen.<\/p>\n<p><strong>Beispiele:<\/strong><\/p>\n<ul>\n<li><strong>Enterprise-Training-Simulationen:<\/strong>\u00a0Realistische VR-Trainingsumgebungen mit mehreren Szenarien f\u00fcr umfassende Schulungen.<\/li>\n<li><strong>AR-Navigations-Apps:<\/strong>\u00a0Apps, die in Echtzeit AR-Navigation in gro\u00dfen Geb\u00e4uden wie Flugh\u00e4fen oder Einkaufszentren bieten.<\/li>\n<li><strong>Immersives VR-Gaming:<\/strong>\u00a0Ein vollst\u00e4ndig interaktives Spiel mit fortschrittlicher Physik, Multiplayer-Funktionalit\u00e4ten und Live-Updates.<\/li>\n<\/ul>\n","protected":false},"excerpt":{"rendered":"<p>Perfekt f\u00fcr fortschrittliche VR-\/AR-Anwendungen mit komplexer Interaktivit\u00e4t und Echtzeitdaten \u2013 dieses Paket bietet ma\u00dfgeschneiderte High-End-L\u00f6sungen.<\/p>\n<p><strong>Beispiele:<\/strong><\/p>\n<ul>\n<li><strong>Enterprise-Training-Simulationen:<\/strong>\u00a0Realistische VR-Trainingsumgebungen mit mehreren Szenarien f\u00fcr umfassende Schulungen.<\/li>\n<li><strong>AR-Navigations-Apps:<\/strong>\u00a0Apps, die in Echtzeit AR-Navigation in gro\u00dfen Geb\u00e4uden wie Flugh\u00e4fen oder Einkaufszentren bieten.<\/li>\n<li><strong>Immersives VR-Gaming:<\/strong>\u00a0Ein vollst\u00e4ndig interaktives Spiel mit fortschrittlicher Physik, Multiplayer-Funktionalit\u00e4ten und Live-Updates.<\/li>\n<\/ul>\n","protected":false},"featured_media":1505,"template":"","meta":{"inline_featured_image":false,"site-sidebar-layout":"default","site-content-layout":"","ast-site-content-layout":"default","site-content-style":"default","site-sidebar-style":"default","ast-global-header-display":"","ast-banner-title-visibility":"","ast-main-header-display":"","ast-hfb-above-header-display":"","ast-hfb-below-header-display":"","ast-hfb-mobile-header-display":"","site-post-title":"","ast-breadcrumbs-content":"","ast-featured-img":"","footer-sml-layout":"","theme-transparent-header-meta":"default","adv-header-id-meta":"","stick-header-meta":"","header-above-stick-meta":"","header-main-stick-meta":"","header-below-stick-meta":"","astra-migrate-meta-layouts":"set","ast-page-background-enabled":"default","ast-page-background-meta":{"desktop":{"background-color":"var(--ast-global-color-5)","background-image":"","background-repeat":"repeat","background-position":"center center","background-size":"auto","background-attachment":"scroll","background-type":"","background-media":"","overlay-type":"","overlay-color":"","overlay-opacity":"","overlay-gradient":""},"tablet":{"background-color":"","background-image":"","background-repeat":"repeat","background-position":"center center","background-size":"auto","background-attachment":"scroll","background-type":"","background-media":"","overlay-type":"","overlay-color":"","overlay-opacity":"","overlay-gradient":""},"mobile":{"background-color":"","background-image":"","background-repeat":"repeat","background-position":"center center","background-size":"auto","background-attachment":"scroll","background-type":"","background-media":"","overlay-type":"","overlay-color":"","overlay-opacity":"","overlay-gradient":""}},"ast-content-background-meta":{"desktop":{"background-color":"var(--ast-global-color-4)","background-image":"","background-repeat":"repeat","background-position":"center center","background-size":"auto","background-attachment":"scroll","background-type":"","background-media":"","overlay-type":"","overlay-color":"","overlay-opacity":"","overlay-gradient":""},"tablet":{"background-color":"var(--ast-global-color-4)","background-image":"","background-repeat":"repeat","background-position":"center center","background-size":"auto","background-attachment":"scroll","background-type":"","background-media":"","overlay-type":"","overlay-color":"","overlay-opacity":"","overlay-gradient":""},"mobile":{"background-color":"var(--ast-global-color-4)","background-image":"","background-repeat":"repeat","background-position":"center center","background-size":"auto","background-attachment":"scroll","background-type":"","background-media":"","overlay-type":"","overlay-color":"","overlay-opacity":"","overlay-gradient":""}}},"product_brand":[],"product_cat":[28],"product_tag":[],"class_list":{"0":"post-2050","1":"product","2":"type-product","3":"status-publish","4":"has-post-thumbnail","6":"product_cat-vr-ar-entwicklung","7":"desktop-align-left","8":"tablet-align-left","9":"mobile-align-left","11":"first","12":"instock","13":"virtual","14":"purchasable","15":"product-type-simple"},"_links":{"self":[{"href":"http:\/\/creation-beyond.com\/de\/wp-json\/wp\/v2\/product\/2050","targetHints":{"allow":["GET"]}}],"collection":[{"href":"http:\/\/creation-beyond.com\/de\/wp-json\/wp\/v2\/product"}],"about":[{"href":"http:\/\/creation-beyond.com\/de\/wp-json\/wp\/v2\/types\/product"}],"wp:featuredmedia":[{"embeddable":true,"href":"http:\/\/creation-beyond.com\/de\/wp-json\/wp\/v2\/media\/1505"}],"wp:attachment":[{"href":"http:\/\/creation-beyond.com\/de\/wp-json\/wp\/v2\/media?parent=2050"}],"wp:term":[{"taxonomy":"product_brand","embeddable":true,"href":"http:\/\/creation-beyond.com\/de\/wp-json\/wp\/v2\/product_brand?post=2050"},{"taxonomy":"product_cat","embeddable":true,"href":"http:\/\/creation-beyond.com\/de\/wp-json\/wp\/v2\/product_cat?post=2050"},{"taxonomy":"product_tag","embeddable":true,"href":"http:\/\/creation-beyond.com\/de\/wp-json\/wp\/v2\/product_tag?post=2050"}],"curies":[{"name":"wp","href":"https:\/\/api.w.org\/{rel}","templated":true}]}}