{"id":1539,"date":"2025-01-29T12:17:53","date_gmt":"2025-01-29T12:17:53","guid":{"rendered":"http:\/\/creation-beyond.com\/?post_type=product&#038;p=1539"},"modified":"2025-01-29T19:13:56","modified_gmt":"2025-01-29T19:13:56","slug":"basis-mobile-app","status":"publish","type":"product","link":"http:\/\/creation-beyond.com\/en\/product\/basis-mobile-app\/","title":{"rendered":"Basis Mobile-App"},"content":{"rendered":"<p>Deal f\u00fcr Start-ups oder Einzelpersonen, die eine einfache und klare L\u00f6sung suchen. Dieses Paket konzentriert sich auf die Entwicklung statischer Apps, die wesentliche Informationen auf \u00fcbersichtliche Weise pr\u00e4sentieren \u2013 perfekt ohne komplexe Funktionen.<\/p>\n<p><strong>Beispiele:<\/strong><\/p>\n<ul>\n<li><strong>Portfolio-App:<\/strong> Pr\u00e4sentieren Sie Ihre Arbeiten und Kontaktinformationen ansprechend und professionell.<\/li>\n<li><strong>Event-App:<\/strong> Stellen Sie Veranstaltungspl\u00e4ne, Rednerdetails und weitere wichtige Infos \u00fcbersichtlich dar.<\/li>\n<li><strong>Produktkatalog:<\/strong> Ein schlichter Katalog zur Darstellung Ihrer Produkte oder Dienstleistungen.<\/li>\n<\/ul>","protected":false},"excerpt":{"rendered":"<p>Deal f\u00fcr Start-ups oder Einzelpersonen, die eine einfache und klare L\u00f6sung suchen. Dieses Paket konzentriert sich auf die Entwicklung statischer Apps, die wesentliche Informationen auf \u00fcbersichtliche Weise pr\u00e4sentieren \u2013 perfekt ohne komplexe Funktionen.<\/p>\n<p><strong>Beispiele:<\/strong><\/p>\n<ul>\n<li><strong>Portfolio-App:<\/strong> Pr\u00e4sentieren Sie Ihre Arbeiten und Kontaktinformationen ansprechend und professionell.<\/li>\n<li><strong>Event-App:<\/strong> Stellen Sie Veranstaltungspl\u00e4ne, Rednerdetails und weitere wichtige Infos \u00fcbersichtlich dar.<\/li>\n<li><strong>Produktkatalog:<\/strong> Ein schlichter Katalog zur Darstellung Ihrer Produkte oder Dienstleistungen.<\/li>\n<\/ul>","protected":false},"featured_media":1491,"template":"","meta":{"inline_featured_image":false,"site-sidebar-layout":"default","site-content-layout":"","ast-site-content-layout":"default","site-content-style":"default","site-sidebar-style":"default","ast-global-header-display":"","ast-banner-title-visibility":"","ast-main-header-display":"","ast-hfb-above-header-display":"","ast-hfb-below-header-display":"","ast-hfb-mobile-header-display":"","site-post-title":"","ast-breadcrumbs-content":"","ast-featured-img":"","footer-sml-layout":"","theme-transparent-header-meta":"default","adv-header-id-meta":"","stick-header-meta":"","header-above-stick-meta":"","header-main-stick-meta":"","header-below-stick-meta":"","astra-migrate-meta-layouts":"set","ast-page-background-enabled":"default","ast-page-background-meta":{"desktop":{"background-color":"var(--ast-global-color-5)","background-image":"","background-repeat":"repeat","background-position":"center center","background-size":"auto","background-attachment":"scroll","background-type":"","background-media":"","overlay-type":"","overlay-color":"","overlay-opacity":"","overlay-gradient":""},"tablet":{"background-color":"","background-image":"","background-repeat":"repeat","background-position":"center center","background-size":"auto","background-attachment":"scroll","background-type":"","background-media":"","overlay-type":"","overlay-color":"","overlay-opacity":"","overlay-gradient":""},"mobile":{"background-color":"","background-image":"","background-repeat":"repeat","background-position":"center center","background-size":"auto","background-attachment":"scroll","background-type":"","background-media":"","overlay-type":"","overlay-color":"","overlay-opacity":"","overlay-gradient":""}},"ast-content-background-meta":{"desktop":{"background-color":"var(--ast-global-color-4)","background-image":"","background-repeat":"repeat","background-position":"center center","background-size":"auto","background-attachment":"scroll","background-type":"","background-media":"","overlay-type":"","overlay-color":"","overlay-opacity":"","overlay-gradient":""},"tablet":{"background-color":"var(--ast-global-color-4)","background-image":"","background-repeat":"repeat","background-position":"center center","background-size":"auto","background-attachment":"scroll","background-type":"","background-media":"","overlay-type":"","overlay-color":"","overlay-opacity":"","overlay-gradient":""},"mobile":{"background-color":"var(--ast-global-color-4)","background-image":"","background-repeat":"repeat","background-position":"center center","background-size":"auto","background-attachment":"scroll","background-type":"","background-media":"","overlay-type":"","overlay-color":"","overlay-opacity":"","overlay-gradient":""}}},"product_brand":[],"product_cat":[25],"product_tag":[],"class_list":{"0":"post-1539","1":"product","2":"type-product","3":"status-publish","4":"has-post-thumbnail","6":"product_cat-mobile-apps-entwicklung","7":"desktop-align-left","8":"tablet-align-left","9":"mobile-align-left","11":"first","12":"instock","13":"virtual","14":"purchasable","15":"product-type-simple"},"_links":{"self":[{"href":"http:\/\/creation-beyond.com\/en\/wp-json\/wp\/v2\/product\/1539","targetHints":{"allow":["GET"]}}],"collection":[{"href":"http:\/\/creation-beyond.com\/en\/wp-json\/wp\/v2\/product"}],"about":[{"href":"http:\/\/creation-beyond.com\/en\/wp-json\/wp\/v2\/types\/product"}],"wp:featuredmedia":[{"embeddable":true,"href":"http:\/\/creation-beyond.com\/en\/wp-json\/wp\/v2\/media\/1491"}],"wp:attachment":[{"href":"http:\/\/creation-beyond.com\/en\/wp-json\/wp\/v2\/media?parent=1539"}],"wp:term":[{"taxonomy":"product_brand","embeddable":true,"href":"http:\/\/creation-beyond.com\/en\/wp-json\/wp\/v2\/product_brand?post=1539"},{"taxonomy":"product_cat","embeddable":true,"href":"http:\/\/creation-beyond.com\/en\/wp-json\/wp\/v2\/product_cat?post=1539"},{"taxonomy":"product_tag","embeddable":true,"href":"http:\/\/creation-beyond.com\/en\/wp-json\/wp\/v2\/product_tag?post=1539"}],"curies":[{"name":"wp","href":"https:\/\/api.w.org\/{rel}","templated":true}]}}